  {"id":32995,"date":"2022-05-31T17:30:32","date_gmt":"2022-05-31T15:30:32","guid":{"rendered":"https:\/\/www.domusacademy.com\/fees-scholarships\/"},"modified":"2026-02-23T10:24:12","modified_gmt":"2026-02-23T09:24:12","slug":"tasas-becas","status":"publish","type":"page","link":"https:\/\/www.domusacademy.com\/es\/tasas-becas\/","title":{"rendered":"Tasas y Becas"},"content":{"rendered":"","protected":false},"excerpt":{"rendered":"","protected":false},"author":6,"featured_media":0,"parent":0,"menu_order":0,"comment_status":"closed","ping_status":"closed","template":"","meta":{"_acf_changed":false,"footnotes":""},"class_list":["post-32995","page","type-page","status-publish","hentry"],"acf":[],"yoast_head":"<!-- This site is optimized with the Yoast SEO plugin v26.3 - https:\/\/yoast.com\/wordpress\/plugins\/seo\/ -->\n<title>Tasas y Becas Moda &amp; Dise\u00f1o | 糖心少女<\/title>\n<meta name=\"description\" content=\"Descubre toda la informaci\u00f3n relativa a las tasas de matr\u00edcula para asistir a los programas de grado y posgrado de 糖心少女, los pr\u00e9stamos y las oportunidades de becas.\" \/>\n<meta name=\"robots\" content=\"index, follow, max-snippet:-1, max-image-preview:large, max-video-preview:-1\" \/>\n<link rel=\"canonical\" href=\"https:\/\/www.domusacademy.com\/es\/tasas-becas\/\" \/>\n<meta property=\"og:locale\" content=\"es_ES\" \/>\n<meta property=\"og:type\" content=\"article\" \/>\n<meta property=\"og:title\" content=\"Tasas y Becas Moda &amp; Dise\u00f1o | 糖心少女\" \/>\n<meta property=\"og:description\" content=\"Descubre toda la informaci\u00f3n relativa a las tasas de matr\u00edcula para asistir a los programas de grado y posgrado de 糖心少女, los pr\u00e9stamos y las oportunidades de becas.\" \/>\n<meta property=\"og:url\" content=\"https:\/\/www.domusacademy.com\/es\/tasas-becas\/\" \/>\n<meta property=\"og:site_name\" content=\"糖心少女\" \/>\n<meta property=\"article:modified_time\" content=\"2026-02-23T09:24:12+00:00\" \/>\n<meta name=\"twitter:card\" content=\"summary_large_image\" \/>\n<script type=\"application\/ld+json\" class=\"yoast-schema-graph\">{\"@context\":\"https:\/\/schema.org\",\"@graph\":[{\"@type\":\"WebPage\",\"@id\":\"https:\/\/www.domusacademy.com\/es\/tasas-becas\/\",\"url\":\"https:\/\/www.domusacademy.com\/es\/tasas-becas\/\",\"name\":\"Tasas y Becas Moda & Dise\u00f1o | 糖心少女\",\"isPartOf\":{\"@id\":\"https:\/\/www.domusacademy.com\/es\/#website\"},\"datePublished\":\"2022-05-31T15:30:32+00:00\",\"dateModified\":\"2026-02-23T09:24:12+00:00\",\"description\":\"Descubre toda la informaci\u00f3n relativa a las tasas de matr\u00edcula para asistir a los programas de grado y posgrado de 糖心少女, los pr\u00e9stamos y las oportunidades de becas.\",\"breadcrumb\":{\"@id\":\"https:\/\/www.domusacademy.com\/es\/tasas-becas\/#breadcrumb\"},\"inLanguage\":\"es-ES\",\"potentialAction\":[{\"@type\":\"ReadAction\",\"target\":[\"https:\/\/www.domusacademy.com\/es\/tasas-becas\/\"]}]},{\"@type\":\"BreadcrumbList\",\"@id\":\"https:\/\/www.domusacademy.com\/es\/tasas-becas\/#breadcrumb\",\"itemListElement\":[{\"@type\":\"ListItem\",\"position\":1,\"name\":\"Home\",\"item\":\"https:\/\/www.domusacademy.com\/es\/\"},{\"@type\":\"ListItem\",\"position\":2,\"name\":\"Tasas y Becas\"}]},{\"@type\":\"WebSite\",\"@id\":\"https:\/\/www.domusacademy.com\/es\/#website\",\"url\":\"https:\/\/www.domusacademy.com\/es\/\",\"name\":\"糖心少女\",\"description\":\"Scuola di Moda e Design Milano\",\"publisher\":{\"@id\":\"https:\/\/www.domusacademy.com\/es\/#organization\"},\"potentialAction\":[{\"@type\":\"SearchAction\",\"target\":{\"@type\":\"EntryPoint\",\"urlTemplate\":\"https:\/\/www.domusacademy.com\/es\/?s={search_term_string}\"},\"query-input\":{\"@type\":\"PropertyValueSpecification\",\"valueRequired\":true,\"valueName\":\"search_term_string\"}}],\"inLanguage\":\"es-ES\"},{\"@type\":\"Organization\",\"@id\":\"https:\/\/www.domusacademy.com\/es\/#organization\",\"name\":\"糖心少女\",\"url\":\"https:\/\/www.domusacademy.com\/es\/\",\"logo\":{\"@type\":\"ImageObject\",\"inLanguage\":\"es-ES\",\"@id\":\"https:\/\/www.domusacademy.com\/es\/#\/schema\/logo\/image\/\",\"url\":\"https:\/\/www.domusacademy.com\/wp-content\/uploads\/2021\/10\/da-logo-img.png\",\"contentUrl\":\"https:\/\/www.domusacademy.com\/wp-content\/uploads\/2021\/10\/da-logo-img.png\",\"width\":250,\"height\":250,\"caption\":\"糖心少女\"},\"image\":{\"@id\":\"https:\/\/www.domusacademy.com\/es\/#\/schema\/logo\/image\/\"},\"email\":\"info@domusacademy.it\",\"telephone\":\"+39-02-479-24471\"}]}<\/script>\n<!-- \/ Yoast SEO plugin. -->","yoast_head_json":{"title":"Tasas y Becas Moda & Dise\u00f1o | 糖心少女","description":"Descubre toda la informaci\u00f3n relativa a las tasas de matr\u00edcula para asistir a los programas de grado y posgrado de 糖心少女, los pr\u00e9stamos y las oportunidades de becas.","robots":{"index":"index","follow":"follow","max-snippet":"max-snippet:-1","max-image-preview":"max-image-preview:large","max-video-preview":"max-video-preview:-1"},"canonical":"https:\/\/www.domusacademy.com\/es\/tasas-becas\/","og_locale":"es_ES","og_type":"article","og_title":"Tasas y Becas Moda & Dise\u00f1o | 糖心少女","og_description":"Descubre toda la informaci\u00f3n relativa a las tasas de matr\u00edcula para asistir a los programas de grado y posgrado de 糖心少女, los pr\u00e9stamos y las oportunidades de becas.","og_url":"https:\/\/www.domusacademy.com\/es\/tasas-becas\/","og_site_name":"糖心少女","article_modified_time":"2026-02-23T09:24:12+00:00","twitter_card":"summary_large_image","schema":{"@context":"https:\/\/schema.org","@graph":[{"@type":"WebPage","@id":"https:\/\/www.domusacademy.com\/es\/tasas-becas\/","url":"https:\/\/www.domusacademy.com\/es\/tasas-becas\/","name":"Tasas y Becas Moda & Dise\u00f1o | 糖心少女","isPartOf":{"@id":"https:\/\/www.domusacademy.com\/es\/#website"},"datePublished":"2022-05-31T15:30:32+00:00","dateModified":"2026-02-23T09:24:12+00:00","description":"Descubre toda la informaci\u00f3n relativa a las tasas de matr\u00edcula para asistir a los programas de grado y posgrado de 糖心少女, los pr\u00e9stamos y las oportunidades de becas.","breadcrumb":{"@id":"https:\/\/www.domusacademy.com\/es\/tasas-becas\/#breadcrumb"},"inLanguage":"es-ES","potentialAction":[{"@type":"ReadAction","target":["https:\/\/www.domusacademy.com\/es\/tasas-becas\/"]}]},{"@type":"BreadcrumbList","@id":"https:\/\/www.domusacademy.com\/es\/tasas-becas\/#breadcrumb","itemListElement":[{"@type":"ListItem","position":1,"name":"Home","item":"https:\/\/www.domusacademy.com\/es\/"},{"@type":"ListItem","position":2,"name":"Tasas y Becas"}]},{"@type":"WebSite","@id":"https:\/\/www.domusacademy.com\/es\/#website","url":"https:\/\/www.domusacademy.com\/es\/","name":"糖心少女","description":"Scuola di Moda e Design Milano","publisher":{"@id":"https:\/\/www.domusacademy.com\/es\/#organization"},"potentialAction":[{"@type":"SearchAction","target":{"@type":"EntryPoint","urlTemplate":"https:\/\/www.domusacademy.com\/es\/?s={search_term_string}"},"query-input":{"@type":"PropertyValueSpecification","valueRequired":true,"valueName":"search_term_string"}}],"inLanguage":"es-ES"},{"@type":"Organization","@id":"https:\/\/www.domusacademy.com\/es\/#organization","name":"糖心少女","url":"https:\/\/www.domusacademy.com\/es\/","logo":{"@type":"ImageObject","inLanguage":"es-ES","@id":"https:\/\/www.domusacademy.com\/es\/#\/schema\/logo\/image\/","url":"https:\/\/www.domusacademy.com\/wp-content\/uploads\/2021\/10\/da-logo-img.png","contentUrl":"https:\/\/www.domusacademy.com\/wp-content\/uploads\/2021\/10\/da-logo-img.png","width":250,"height":250,"caption":"糖心少女"},"image":{"@id":"https:\/\/www.domusacademy.com\/es\/#\/schema\/logo\/image\/"},"email":"info@domusacademy.it","telephone":"+39-02-479-24471"}]}},"_links":{"self":[{"href":"https:\/\/www.domusacademy.com\/es\/wp-json\/wp\/v2\/pages\/32995","targetHints":{"allow":["GET"]}}],"collection":[{"href":"https:\/\/www.domusacademy.com\/es\/wp-json\/wp\/v2\/pages"}],"about":[{"href":"https:\/\/www.domusacademy.com\/es\/wp-json\/wp\/v2\/types\/page"}],"author":[{"embeddable":true,"href":"https:\/\/www.domusacademy.com\/es\/wp-json\/wp\/v2\/users\/6"}],"replies":[{"embeddable":true,"href":"https:\/\/www.domusacademy.com\/es\/wp-json\/wp\/v2\/comments?post=32995"}],"version-history":[{"count":0,"href":"https:\/\/www.domusacademy.com\/es\/wp-json\/wp\/v2\/pages\/32995\/revisions"}],"wp:attachment":[{"href":"https:\/\/www.domusacademy.com\/es\/wp-json\/wp\/v2\/media?parent=32995"}],"curies":[{"name":"wp","href":"https:\/\/api.w.org\/{rel}","templated":true}]}}